{"id":881,"date":"2023-12-08T02:28:06","date_gmt":"2023-12-08T02:28:06","guid":{"rendered":"https:\/\/preconstruct.untrust.codes\/?page_id=881"},"modified":"2025-02-26T09:43:38","modified_gmt":"2025-02-26T14:43:38","slug":"nosotros-2024","status":"publish","type":"page","link":"https:\/\/preconstruct.prepanama.com\/en\/nosotros-2024\/","title":{"rendered":"About us"},"content":{"rendered":"<div data-elementor-type=\"wp-page\" data-elementor-id=\"881\" class=\"elementor elementor-881\">\n\t\t\t\t<div class=\"elementor-element elementor-element-65c05b5 e-flex e-con-boxed e-con e-parent\" data-id=\"65c05b5\" data-element_type=\"container\" data-settings=\"{&quot;background_background&quot;:&quot;classic&quot;}\">\n\t\t\t\t\t<div class=\"e-con-inner\">\n\t\t<div class=\"elementor-element elementor-element-788cbc6 e-flex e-con-boxed e-con e-child\" data-id=\"788cbc6\" data-element_type=\"container\">\n\t\t\t\t\t<div class=\"e-con-inner\">\n\t\t\t\t<div class=\"elementor-element elementor-element-572ae69 exad-sticky-section-no exad-glass-effect-no elementor-widget elementor-widget-text-editor\" data-id=\"572ae69\" data-element_type=\"widget\" data-widget_type=\"text-editor.default\">\n\t\t\t\t<div class=\"elementor-widget-container\">\n\t\t\t\t\t\t\t\t\t<p>About us<\/p>\t\t\t\t\t\t\t\t<\/div>\n\t\t\t\t<\/div>\n\t\t\t\t\t<\/div>\n\t\t\t\t<\/div>\n\t\t\t\t\t<\/div>\n\t\t\t\t<\/div>\n\t\t<div class=\"elementor-element elementor-element-721c6ec e-flex e-con-boxed e-con e-parent\" data-id=\"721c6ec\" data-element_type=\"container\">\n\t\t\t\t\t<div class=\"e-con-inner\">\n\t\t\t\t<div class=\"elementor-element elementor-element-abfe0e7 exad-sticky-section-no exad-glass-effect-no elementor-widget elementor-widget-menu-anchor\" data-id=\"abfe0e7\" data-element_type=\"widget\" data-widget_type=\"menu-anchor.default\">\n\t\t\t\t<div class=\"elementor-widget-container\">\n\t\t\t\t\t\t\t<div class=\"elementor-menu-anchor\" id=\"servicios\"><\/div>\n\t\t\t\t\t\t<\/div>\n\t\t\t\t<\/div>\n\t\t\t\t<div class=\"elementor-element elementor-element-5b13dd0 exad-sticky-section-no exad-glass-effect-no elementor-widget elementor-widget-heading\" data-id=\"5b13dd0\" data-element_type=\"widget\" data-widget_type=\"heading.default\">\n\t\t\t\t<div class=\"elementor-widget-container\">\n\t\t\t\t\t<h1 class=\"elementor-heading-title elementor-size-default\">About PRE Construct<\/h1>\t\t\t\t<\/div>\n\t\t\t\t<\/div>\n\t\t\t\t<div class=\"elementor-element elementor-element-dcc8785 exad-sticky-section-no exad-glass-effect-no elementor-widget elementor-widget-spacer\" data-id=\"dcc8785\" data-element_type=\"widget\" data-widget_type=\"spacer.default\">\n\t\t\t\t<div class=\"elementor-widget-container\">\n\t\t\t\t\t\t\t<div class=\"elementor-spacer\">\n\t\t\t<div class=\"elementor-spacer-inner\"><\/div>\n\t\t<\/div>\n\t\t\t\t\t\t<\/div>\n\t\t\t\t<\/div>\n\t\t\t\t<div class=\"elementor-element elementor-element-ba548a7 exad-sticky-section-no exad-glass-effect-no elementor-widget elementor-widget-text-editor\" data-id=\"ba548a7\" data-element_type=\"widget\" data-widget_type=\"text-editor.default\">\n\t\t\t\t<div class=\"elementor-widget-container\">\n\t\t\t\t\t\t\t\t\t<p>With over 8 years of solid experience in the sector, PRE CONSTRUCT is the specialized division in engineering and project development of PRIVATE REAL ESTATE PANAMA. Strategically located on Calle 50 in Panama City, this entity is an integral part of the renowned business conglomerate GRUPO PRIVATE ASSET MANAGEMENT, which has an outstanding track record of more than 35 years in the Panamanian market.<\/p><p>We have an interdisciplinary team with extensive experience and track record in planning, execution and supervision of works, which represents added value for our clients and ensures successful results. We focus on the development and construction of projects, using innovative designs and maintaining high quality standards to guarantee the sustainability of our works over time.<\/p><p>In our operation, we are governed by the essential fundamentals of the company, which include commitment, efficiency, loyalty, responsibility and transparency. These values \u200b\u200bconstitute the foundations that guide our actions and relationships, ensuring an ethical and coherent approach in all our operations.<\/p>\t\t\t\t\t\t\t\t<\/div>\n\t\t\t\t<\/div>\n\t\t\t\t\t<\/div>\n\t\t\t\t<\/div>\n\t\t<div class=\"elementor-element elementor-element-10f9a80 e-flex e-con-boxed e-con e-parent\" data-id=\"10f9a80\" data-element_type=\"container\">\n\t\t\t\t\t<div class=\"e-con-inner\">\n\t\t<div class=\"elementor-element elementor-element-fedef72 e-flex e-con-boxed e-con e-child\" data-id=\"fedef72\" data-element_type=\"container\">\n\t\t\t\t\t<div class=\"e-con-inner\">\n\t\t\t\t<div class=\"elementor-element elementor-element-73e5640 exad-sticky-section-no exad-glass-effect-no elementor-widget elementor-widget-heading\" data-id=\"73e5640\" data-element_type=\"widget\" data-widget_type=\"heading.default\">\n\t\t\t\t<div class=\"elementor-widget-container\">\n\t\t\t\t\t<h2 class=\"elementor-heading-title elementor-size-default\">Mission<\/h2>\t\t\t\t<\/div>\n\t\t\t\t<\/div>\n\t\t\t\t<div class=\"elementor-element elementor-element-985b5c2 exad-sticky-section-no exad-glass-effect-no elementor-widget elementor-widget-text-editor\" data-id=\"985b5c2\" data-element_type=\"widget\" data-widget_type=\"text-editor.default\">\n\t\t\t\t<div class=\"elementor-widget-container\">\n\t\t\t\t\t\t\t\t\t<p>Our services are focused on providing our clients with the highest level of excellence and construction innovations, from creativity and logistics to project execution and post-sale services. With our team of professionals and outstanding experience, we offer a unique, high-standard proposal for our clients.<\/p>\t\t\t\t\t\t\t\t<\/div>\n\t\t\t\t<\/div>\n\t\t\t\t\t<\/div>\n\t\t\t\t<\/div>\n\t\t<div class=\"elementor-element elementor-element-ac956c7 e-flex e-con-boxed e-con e-child\" data-id=\"ac956c7\" data-element_type=\"container\">\n\t\t\t\t\t<div class=\"e-con-inner\">\n\t\t\t\t<div class=\"elementor-element elementor-element-006545b exad-sticky-section-no exad-glass-effect-no elementor-widget elementor-widget-heading\" data-id=\"006545b\" data-element_type=\"widget\" data-widget_type=\"heading.default\">\n\t\t\t\t<div class=\"elementor-widget-container\">\n\t\t\t\t\t<h2 class=\"elementor-heading-title elementor-size-default\">Vision<\/h2>\t\t\t\t<\/div>\n\t\t\t\t<\/div>\n\t\t\t\t<div class=\"elementor-element elementor-element-df224ce exad-sticky-section-no exad-glass-effect-no elementor-widget elementor-widget-text-editor\" data-id=\"df224ce\" data-element_type=\"widget\" data-widget_type=\"text-editor.default\">\n\t\t\t\t<div class=\"elementor-widget-container\">\n\t\t\t\t\t\t\t\t\t<p>To be a company recognized nationally and internationally for its track record in quality, innovation, efficiency in the execution of its projects and for the trust of our clients.<\/p>\t\t\t\t\t\t\t\t<\/div>\n\t\t\t\t<\/div>\n\t\t\t\t\t<\/div>\n\t\t\t\t<\/div>\n\t\t<div class=\"elementor-element elementor-element-cb9dd37 e-flex e-con-boxed e-con e-child\" data-id=\"cb9dd37\" data-element_type=\"container\">\n\t\t\t\t\t<div class=\"e-con-inner\">\n\t\t\t\t<div class=\"elementor-element elementor-element-75d0662 exad-sticky-section-no exad-glass-effect-no elementor-widget elementor-widget-heading\" data-id=\"75d0662\" data-element_type=\"widget\" data-widget_type=\"heading.default\">\n\t\t\t\t<div class=\"elementor-widget-container\">\n\t\t\t\t\t<h2 class=\"elementor-heading-title elementor-size-default\">Quality policies<\/h2>\t\t\t\t<\/div>\n\t\t\t\t<\/div>\n\t\t\t\t<div class=\"elementor-element elementor-element-6473ddb exad-sticky-section-no exad-glass-effect-no elementor-widget elementor-widget-text-editor\" data-id=\"6473ddb\" data-element_type=\"widget\" data-widget_type=\"text-editor.default\">\n\t\t\t\t<div class=\"elementor-widget-container\">\n\t\t\t\t\t\t\t\t\t<p>With solid experience of more than 8 years in the sector, PRE CONSTRUCT is the division specialized in Engineering and Project Development of PRIVATE REAL ESTATE PANAMA. Strategically located on 50th Street in Panama City, this entity is an integral part of the renowned business conglomerate GRUPO PRIVATE ASSET MANAGEMENT, which has an outstanding track record of more than 35 years in the Panamanian market.<\/p>\t\t\t\t\t\t\t\t<\/div>\n\t\t\t\t<\/div>\n\t\t\t\t\t<\/div>\n\t\t\t\t<\/div>\n\t\t\t\t\t<\/div>\n\t\t\t\t<\/div>\n\t\t<div class=\"elementor-element elementor-element-0c59e7b e-flex e-con-boxed e-con e-parent\" data-id=\"0c59e7b\" data-element_type=\"container\">\n\t\t\t\t\t<div class=\"e-con-inner\">\n\t\t\t\t<div class=\"elementor-element elementor-element-45a178a exad-sticky-section-no exad-glass-effect-no elementor-widget elementor-widget-menu-anchor\" data-id=\"45a178a\" data-element_type=\"widget\" data-widget_type=\"menu-anchor.default\">\n\t\t\t\t<div class=\"elementor-widget-container\">\n\t\t\t\t\t\t\t<div class=\"elementor-menu-anchor\" id=\"proyectos\"><\/div>\n\t\t\t\t\t\t<\/div>\n\t\t\t\t<\/div>\n\t\t\t\t<div class=\"elementor-element elementor-element-fe478b6 exad-sticky-section-no exad-glass-effect-no elementor-widget elementor-widget-heading\" data-id=\"fe478b6\" data-element_type=\"widget\" data-widget_type=\"heading.default\">\n\t\t\t\t<div class=\"elementor-widget-container\">\n\t\t\t\t\t<h2 class=\"elementor-heading-title elementor-size-default\">OUR TEAM<\/h2>\t\t\t\t<\/div>\n\t\t\t\t<\/div>\n\t\t\t\t<div class=\"elementor-element elementor-element-5a7f53c exad-sticky-section-no exad-glass-effect-no elementor-widget elementor-widget-text-editor\" data-id=\"5a7f53c\" data-element_type=\"widget\" data-widget_type=\"text-editor.default\">\n\t\t\t\t<div class=\"elementor-widget-container\">\n\t\t\t\t\t\t\t\t\t<p class=\"MsoNormal\"><span lang=\"ES-PA\" style=\"mso-ansi-language: ES-PA;\">A team of professionals in different fields, with extensive experience and a solid track record, is responsible for the planning, execution, and supervision of each project, adding significant value to our projects to ensure the best results and the highest quality standards.<\/span><\/p>\t\t\t\t\t\t\t\t<\/div>\n\t\t\t\t<\/div>\n\t\t<div class=\"elementor-element elementor-element-32645db e-flex e-con-boxed e-con e-child\" data-id=\"32645db\" data-element_type=\"container\">\n\t\t\t\t\t<div class=\"e-con-inner\">\n\t\t<div class=\"elementor-element elementor-element-5052626 e-con-full e-flex e-con e-child\" data-id=\"5052626\" data-element_type=\"container\">\n\t\t\t\t<div class=\"elementor-element elementor-element-b404076 exad-sticky-section-no exad-glass-effect-no elementor-widget elementor-widget-image\" data-id=\"b404076\" data-element_type=\"widget\" data-widget_type=\"image.default\">\n\t\t\t\t<div class=\"elementor-widget-container\">\n\t\t\t\t\t\t\t\t\t\t\t\t\t\t\t<img fetchpriority=\"high\" decoding=\"async\" width=\"531\" height=\"679\" src=\"https:\/\/preconstruct.prepanama.com\/wp-content\/uploads\/2024\/03\/jose.png\" class=\"attachment-medium_large size-medium_large wp-image-1942\" alt=\"\" srcset=\"https:\/\/preconstruct.prepanama.com\/wp-content\/uploads\/2024\/03\/jose.png 531w, https:\/\/preconstruct.prepanama.com\/wp-content\/uploads\/2024\/03\/jose-235x300.png 235w\" sizes=\"(max-width: 531px) 100vw, 531px\" \/>\t\t\t\t\t\t\t\t\t\t\t\t\t\t\t<\/div>\n\t\t\t\t<\/div>\n\t\t\t\t<\/div>\n\t\t<div class=\"elementor-element elementor-element-f3eb3da e-con-full e-flex e-con e-child\" data-id=\"f3eb3da\" data-element_type=\"container\">\n\t\t\t\t<div class=\"elementor-element elementor-element-11670ee exad-sticky-section-no exad-glass-effect-no elementor-widget elementor-widget-heading\" data-id=\"11670ee\" data-element_type=\"widget\" data-widget_type=\"heading.default\">\n\t\t\t\t<div class=\"elementor-widget-container\">\n\t\t\t\t\t<h2 class=\"elementor-heading-title elementor-size-default\">Ing. Jose M. Fern\u00e1ndez-Pirla<\/h2>\t\t\t\t<\/div>\n\t\t\t\t<\/div>\n\t\t\t\t<div class=\"elementor-element elementor-element-8f919a0 exad-sticky-section-no exad-glass-effect-no elementor-widget elementor-widget-text-editor\" data-id=\"8f919a0\" data-element_type=\"widget\" data-widget_type=\"text-editor.default\">\n\t\t\t\t<div class=\"elementor-widget-container\">\n\t\t\t\t\t\t\t\t\t<p>Of Spanish nationality, a citizen of the world, and Panamanian by naturalization. CEO &amp; Founder of PRE Construct, a company that is part of PRE Panam\u00e1.<\/p><p>He holds a Master's degree in Engineering and Business Finance (UCL &amp; LSE), and an Executive MBA from INCAE Business School. Throughout his professional career, he has held various roles, including: Banking Analyst, Financial Director, Operations Director, Manager, and also mentor.<\/p><p>He has led more than 45 residential, commercial and corporate construction, remodeling projects.<\/p>\t\t\t\t\t\t\t\t<\/div>\n\t\t\t\t<\/div>\n\t\t\t\t<\/div>\n\t\t\t\t\t<\/div>\n\t\t\t\t<\/div>\n\t\t<div class=\"elementor-element elementor-element-ea45926 e-flex e-con-boxed e-con e-child\" data-id=\"ea45926\" data-element_type=\"container\">\n\t\t\t\t\t<div class=\"e-con-inner\">\n\t\t<div class=\"elementor-element elementor-element-37bf6c4 e-con-full e-flex e-con e-child\" data-id=\"37bf6c4\" data-element_type=\"container\">\n\t\t\t\t<div class=\"elementor-element elementor-element-866f6eb exad-sticky-section-no exad-glass-effect-no elementor-widget elementor-widget-image\" data-id=\"866f6eb\" data-element_type=\"widget\" data-widget_type=\"image.default\">\n\t\t\t\t<div class=\"elementor-widget-container\">\n\t\t\t\t\t\t\t\t\t\t\t\t\t\t\t<img decoding=\"async\" width=\"530\" height=\"691\" src=\"https:\/\/preconstruct.prepanama.com\/wp-content\/uploads\/2024\/03\/mario.png\" class=\"attachment-medium_large size-medium_large wp-image-1943\" alt=\"\" srcset=\"https:\/\/preconstruct.prepanama.com\/wp-content\/uploads\/2024\/03\/mario.png 530w, https:\/\/preconstruct.prepanama.com\/wp-content\/uploads\/2024\/03\/mario-230x300.png 230w\" sizes=\"(max-width: 530px) 100vw, 530px\" \/>\t\t\t\t\t\t\t\t\t\t\t\t\t\t\t<\/div>\n\t\t\t\t<\/div>\n\t\t\t\t<\/div>\n\t\t<div class=\"elementor-element elementor-element-4d5609f e-con-full e-flex e-con e-child\" data-id=\"4d5609f\" data-element_type=\"container\">\n\t\t\t\t<div class=\"elementor-element elementor-element-df3a1e2 exad-sticky-section-no exad-glass-effect-no elementor-widget elementor-widget-heading\" data-id=\"df3a1e2\" data-element_type=\"widget\" data-widget_type=\"heading.default\">\n\t\t\t\t<div class=\"elementor-widget-container\">\n\t\t\t\t\t<h2 class=\"elementor-heading-title elementor-size-default\">Ing. Mario J Caparroso<\/h2>\t\t\t\t<\/div>\n\t\t\t\t<\/div>\n\t\t\t\t<div class=\"elementor-element elementor-element-9557660 exad-sticky-section-no exad-glass-effect-no elementor-widget elementor-widget-text-editor\" data-id=\"9557660\" data-element_type=\"widget\" data-widget_type=\"text-editor.default\">\n\t\t\t\t<div class=\"elementor-widget-container\">\n\t\t\t\t\t\t\t\t\t<p>Civil Engineer, graduated from the Technological University of Panama. He was a consultant in the program: My School First in coordination with the Ministry of the Presidency and Ministry of Education, Vice President of projects at the Tocumen International Airport in expansion projects for Terminal 2.<\/p><p>Throughout his career he has worked as: resident, administrator and manager of building projects: residential and commercial, high-cost remodeling and any other type.<\/p><p>He has a Postgraduate and Master's Degree in Business Administration with a specialty in Finance; Diploma in Comprehensive Construction Project Management at UNIVERSITY OF LOUISVILLE, seminars in: Project, Project Management Control with the American Company GRUPO CM &amp; D, Preventive maintenance for buildings with UTP and CAPAC.<\/p>\t\t\t\t\t\t\t\t<\/div>\n\t\t\t\t<\/div>\n\t\t\t\t<\/div>\n\t\t\t\t\t<\/div>\n\t\t\t\t<\/div>\n\t\t\t\t\t<\/div>\n\t\t\t\t<\/div>\n\t\t<div class=\"elementor-element elementor-element-1d95bdd e-flex e-con-boxed e-con e-parent\" data-id=\"1d95bdd\" data-element_type=\"container\">\n\t\t\t\t\t<div class=\"e-con-inner\">\n\t\t\t\t<div class=\"elementor-element elementor-element-f5263d7 exad-sticky-section-no exad-glass-effect-no elementor-widget elementor-widget-image\" data-id=\"f5263d7\" data-element_type=\"widget\" data-widget_type=\"image.default\">\n\t\t\t\t<div class=\"elementor-widget-container\">\n\t\t\t\t\t\t\t\t\t\t\t\t\t\t\t<img decoding=\"async\" width=\"728\" height=\"314\" src=\"https:\/\/preconstruct.prepanama.com\/wp-content\/uploads\/2024\/12\/nosotros-frase-copia.jpg\" class=\"attachment-large size-large wp-image-2850\" alt=\"\" srcset=\"https:\/\/preconstruct.prepanama.com\/wp-content\/uploads\/2024\/12\/nosotros-frase-copia.jpg 728w, https:\/\/preconstruct.prepanama.com\/wp-content\/uploads\/2024\/12\/nosotros-frase-copia-300x129.jpg 300w, https:\/\/preconstruct.prepanama.com\/wp-content\/uploads\/2024\/12\/nosotros-frase-copia-18x8.jpg 18w\" sizes=\"(max-width: 728px) 100vw, 728px\" \/>\t\t\t\t\t\t\t\t\t\t\t\t\t\t\t<\/div>\n\t\t\t\t<\/div>\n\t\t\t\t\t<\/div>\n\t\t\t\t<\/div>\n\t\t<div class=\"elementor-element elementor-element-2a00445 e-flex e-con-boxed e-con e-parent\" data-id=\"2a00445\" data-element_type=\"container\">\n\t\t\t\t\t<div class=\"e-con-inner\">\n\t\t\t\t<div class=\"elementor-element elementor-element-4d6877d exad-sticky-section-no exad-glass-effect-no elementor-widget elementor-widget-menu-anchor\" data-id=\"4d6877d\" data-element_type=\"widget\" data-widget_type=\"menu-anchor.default\">\n\t\t\t\t<div class=\"elementor-widget-container\">\n\t\t\t\t\t\t\t<div class=\"elementor-menu-anchor\" id=\"proyectos\"><\/div>\n\t\t\t\t\t\t<\/div>\n\t\t\t\t<\/div>\n\t\t\t\t<div class=\"elementor-element elementor-element-189260f exad-sticky-section-no exad-glass-effect-no elementor-widget elementor-widget-heading\" data-id=\"189260f\" data-element_type=\"widget\" data-widget_type=\"heading.default\">\n\t\t\t\t<div class=\"elementor-widget-container\">\n\t\t\t\t\t<h2 class=\"elementor-heading-title elementor-size-default\">ENGINEERING DEPARTMENT<\/h2>\t\t\t\t<\/div>\n\t\t\t\t<\/div>\n\t\t<div class=\"elementor-element elementor-element-c7f109b e-flex e-con-boxed e-con e-child\" data-id=\"c7f109b\" data-element_type=\"container\">\n\t\t\t\t\t<div class=\"e-con-inner\">\n\t\t\t\t<div class=\"elementor-element elementor-element-9192220 elementor-pagination-position-outside exad-sticky-section-no exad-glass-effect-no elementor-widget elementor-widget-image-carousel\" data-id=\"9192220\" data-element_type=\"widget\" data-settings=\"{&quot;slides_to_show&quot;:&quot;4&quot;,&quot;navigation&quot;:&quot;dots&quot;,&quot;lazyload&quot;:&quot;yes&quot;,&quot;autoplay&quot;:&quot;yes&quot;,&quot;pause_on_hover&quot;:&quot;yes&quot;,&quot;pause_on_interaction&quot;:&quot;yes&quot;,&quot;autoplay_speed&quot;:5000,&quot;infinite&quot;:&quot;yes&quot;,&quot;speed&quot;:500,&quot;image_spacing_custom&quot;:{&quot;unit&quot;:&quot;px&quot;,&quot;size&quot;:20,&quot;sizes&quot;:[]},&quot;image_spacing_custom_tablet&quot;:{&quot;unit&quot;:&quot;px&quot;,&quot;size&quot;:&quot;&quot;,&quot;sizes&quot;:[]},&quot;image_spacing_custom_mobile&quot;:{&quot;unit&quot;:&quot;px&quot;,&quot;size&quot;:&quot;&quot;,&quot;sizes&quot;:[]}}\" data-widget_type=\"image-carousel.default\">\n\t\t\t\t<div class=\"elementor-widget-container\">\n\t\t\t\t\t\t\t<div class=\"elementor-image-carousel-wrapper swiper\" role=\"region\" aria-roledescription=\"carousel\" aria-label=\"Image Carousel\" dir=\"ltr\">\n\t\t\t<div class=\"elementor-image-carousel swiper-wrapper\" aria-live=\"off\">\n\t\t\t\t\t\t\t\t<div class=\"swiper-slide\" role=\"group\" aria-roledescription=\"slide\" aria-label=\"1 of 3\"><figure class=\"swiper-slide-inner\"><img class=\"swiper-slide-image swiper-lazy\" data-src=\"https:\/\/preconstruct.prepanama.com\/wp-content\/uploads\/elementor\/thumbs\/3T7A7148-Editar-qghlb6vmuzggd5chg7oyjdr1esj55n582y1s849ncw.jpg\" alt=\"Arquitecta Residente\" \/><div class=\"swiper-lazy-preloader\"><\/div><figcaption class=\"elementor-image-carousel-caption\">Resident Architect<\/figcaption><\/figure><\/div><div class=\"swiper-slide\" role=\"group\" aria-roledescription=\"slide\" aria-label=\"2 of 3\"><figure class=\"swiper-slide-inner\"><img class=\"swiper-slide-image swiper-lazy\" data-src=\"https:\/\/preconstruct.prepanama.com\/wp-content\/uploads\/elementor\/thumbs\/3T7A7137-Editar-qghl8sehe862p0u3h6ba5zkmrcddhhlx32142ntv9c.jpg\" alt=\"Encargada de presupuestos\" \/><div class=\"swiper-lazy-preloader\"><\/div><figcaption class=\"elementor-image-carousel-caption\">Budget Manager<\/figcaption><\/figure><\/div><div class=\"swiper-slide\" role=\"group\" aria-roledescription=\"slide\" aria-label=\"3 of 3\"><figure class=\"swiper-slide-inner\"><img class=\"swiper-slide-image swiper-lazy\" data-src=\"https:\/\/preconstruct.prepanama.com\/wp-content\/uploads\/elementor\/thumbs\/PRE-Construct-foto-Maryuri-qob2ee1ka33vm5rz27shsld8s756scx2vqrjewpyf4.png\" alt=\"Contable\" \/><div class=\"swiper-lazy-preloader\"><\/div><figcaption class=\"elementor-image-carousel-caption\">Contable<\/figcaption><\/figure><\/div>\t\t\t<\/div>\n\t\t\t\t\t\t\t\n\t\t\t\t\t\t\t\t\t<div class=\"swiper-pagination\"><\/div>\n\t\t\t\t\t\t\t\t\t<\/div>\n\t\t\t\t\t\t<\/div>\n\t\t\t\t<\/div>\n\t\t\t\t\t<\/div>\n\t\t\t\t<\/div>\n\t\t\t\t\t<\/div>\n\t\t\t\t<\/div>\n\t\t\t\t<\/div>","protected":false},"excerpt":{"rendered":"<p>Nosotros Sobre PRE Construct Con una s\u00f3lida experiencia de m\u00e1s de 8 a\u00f1os en el sector, PRE CONSTRUCT es la divisi\u00f3n especializada en ingenier\u00eda y desarrollo de proyectos de PRIVATE REAL ESTATE PANAMA. Estrat\u00e9gicamente ubicada en la Calle 50 de la Ciudad de Panam\u00e1, esta entidad forma parte integral del reconocido conglomerado empresarial GRUPO PRIVATE [&hellip;]<\/p>","protected":false},"author":1,"featured_media":0,"parent":0,"menu_order":0,"comment_status":"closed","ping_status":"closed","template":"elementor_header_footer","meta":{"_acf_changed":false,"footnotes":""},"class_list":["post-881","page","type-page","status-publish","hentry"],"acf":[],"_links":{"self":[{"href":"https:\/\/preconstruct.prepanama.com\/en\/wp-json\/wp\/v2\/pages\/881","targetHints":{"allow":["GET"]}}],"collection":[{"href":"https:\/\/preconstruct.prepanama.com\/en\/wp-json\/wp\/v2\/pages"}],"about":[{"href":"https:\/\/preconstruct.prepanama.com\/en\/wp-json\/wp\/v2\/types\/page"}],"author":[{"embeddable":true,"href":"https:\/\/preconstruct.prepanama.com\/en\/wp-json\/wp\/v2\/users\/1"}],"replies":[{"embeddable":true,"href":"https:\/\/preconstruct.prepanama.com\/en\/wp-json\/wp\/v2\/comments?post=881"}],"version-history":[{"count":179,"href":"https:\/\/preconstruct.prepanama.com\/en\/wp-json\/wp\/v2\/pages\/881\/revisions"}],"predecessor-version":[{"id":3091,"href":"https:\/\/preconstruct.prepanama.com\/en\/wp-json\/wp\/v2\/pages\/881\/revisions\/3091"}],"wp:attachment":[{"href":"https:\/\/preconstruct.prepanama.com\/en\/wp-json\/wp\/v2\/media?parent=881"}],"curies":[{"name":"wp","href":"https:\/\/api.w.org\/{rel}","templated":true}]}}