{"id":2989,"date":"2025-01-30T10:26:13","date_gmt":"2025-01-30T15:26:13","guid":{"rendered":"https:\/\/preconstruct.prepanama.com\/?page_id=2989"},"modified":"2025-02-21T15:30:27","modified_gmt":"2025-02-21T20:30:27","slug":"trabaja-con-nosotros","status":"publish","type":"page","link":"https:\/\/preconstruct.prepanama.com\/en\/trabaja-con-nosotros\/","title":{"rendered":"Trabaja con Nosotros"},"content":{"rendered":"<div data-elementor-type=\"wp-page\" data-elementor-id=\"2989\" class=\"elementor elementor-2989\">\n\t\t\t\t<div class=\"elementor-element elementor-element-6d0d0da e-flex e-con-boxed e-con e-parent\" data-id=\"6d0d0da\" data-element_type=\"container\" data-settings=\"{&quot;background_background&quot;:&quot;classic&quot;}\">\n\t\t\t\t\t<div class=\"e-con-inner\">\n\t\t<div class=\"elementor-element elementor-element-634d96b e-con-full e-flex e-con e-child\" data-id=\"634d96b\" data-element_type=\"container\">\n\t\t\t\t<div class=\"elementor-element elementor-element-d99bc94 exad-sticky-section-no exad-glass-effect-no elementor-widget elementor-widget-text-editor\" data-id=\"d99bc94\" data-element_type=\"widget\" data-widget_type=\"text-editor.default\">\n\t\t\t\t<div class=\"elementor-widget-container\">\n\t\t\t\t\t\t\t\t\t<h1><strong>Trabaja con Nosotros<\/strong><\/h1>\t\t\t\t\t\t\t\t<\/div>\n\t\t\t\t<\/div>\n\t\t\t\t<\/div>\n\t\t\t\t\t<\/div>\n\t\t\t\t<\/div>\n\t\t<div class=\"elementor-element elementor-element-d3da8e5 e-flex e-con-boxed e-con e-parent\" data-id=\"d3da8e5\" data-element_type=\"container\">\n\t\t\t\t\t<div class=\"e-con-inner\">\n\t\t\t\t<div class=\"elementor-element elementor-element-992b030 exad-sticky-section-no exad-glass-effect-no elementor-widget elementor-widget-heading\" data-id=\"992b030\" data-element_type=\"widget\" data-widget_type=\"heading.default\">\n\t\t\t\t<div class=\"elementor-widget-container\">\n\t\t\t\t\t<h1 class=\"elementor-heading-title elementor-size-default\">\u00danete a nuestro equipo de trabajo\n<\/h1>\t\t\t\t<\/div>\n\t\t\t\t<\/div>\n\t\t\t\t\t<\/div>\n\t\t\t\t<\/div>\n\t\t<div class=\"elementor-element elementor-element-39a7b139 e-flex e-con-boxed e-con e-parent\" data-id=\"39a7b139\" data-element_type=\"container\">\n\t\t\t\t\t<div class=\"e-con-inner\">\n\t\t\t\t<div class=\"elementor-element elementor-element-39a4ecda exad-sticky-section-no exad-glass-effect-no elementor-widget elementor-widget-text-editor\" data-id=\"39a4ecda\" data-element_type=\"widget\" data-widget_type=\"text-editor.default\">\n\t\t\t\t<div class=\"elementor-widget-container\">\n\t\t\t\t\t\t\t\t\t<p>En PRE Construct, buscamos personas din\u00e1micas, comprometidas y con iniciativa que deseen formar parte de un equipo apasionado por la calidad, la innovaci\u00f3n y la excelencia en el desarrollo de proyectos.<strong>\u00a0<\/strong><\/p><figure><\/figure>\t\t\t\t\t\t\t\t<\/div>\n\t\t\t\t<\/div>\n\t\t\t\t\t<\/div>\n\t\t\t\t<\/div>\n\t\t<div class=\"elementor-element elementor-element-f5b6c64 e-flex e-con-boxed e-con e-parent\" data-id=\"f5b6c64\" data-element_type=\"container\">\n\t\t\t\t\t<div class=\"e-con-inner\">\n\t\t\t\t<div class=\"elementor-element elementor-element-7aff270 exad-sticky-section-no exad-glass-effect-no elementor-widget elementor-widget-heading\" data-id=\"7aff270\" data-element_type=\"widget\" data-widget_type=\"heading.default\">\n\t\t\t\t<div class=\"elementor-widget-container\">\n\t\t\t\t\t<h3 class=\"elementor-heading-title elementor-size-default\">\u00bfQu\u00e9 nos define?<\/h3>\t\t\t\t<\/div>\n\t\t\t\t<\/div>\n\t\t<div class=\"elementor-element elementor-element-d248a77 e-grid e-con-full e-con e-child\" data-id=\"d248a77\" data-element_type=\"container\">\n\t\t\t\t<div class=\"elementor-element elementor-element-7dca371 elementor-position-top exad-sticky-section-no exad-glass-effect-no elementor-widget elementor-widget-image-box\" data-id=\"7dca371\" data-element_type=\"widget\" data-widget_type=\"image-box.default\">\n\t\t\t\t<div class=\"elementor-widget-container\">\n\t\t\t\t\t<div class=\"elementor-image-box-wrapper\"><figure class=\"elementor-image-box-img\"><img fetchpriority=\"high\" decoding=\"async\" width=\"1416\" height=\"1415\" src=\"https:\/\/preconstruct.prepanama.com\/wp-content\/uploads\/2025\/01\/ICONOS-RRHH_Mesa-de-trabajo-1.jpg\" class=\"attachment-full size-full wp-image-3024\" alt=\"TRABAJO EN EQUIPO\" srcset=\"https:\/\/preconstruct.prepanama.com\/wp-content\/uploads\/2025\/01\/ICONOS-RRHH_Mesa-de-trabajo-1.jpg 1416w, https:\/\/preconstruct.prepanama.com\/wp-content\/uploads\/2025\/01\/ICONOS-RRHH_Mesa-de-trabajo-1-300x300.jpg 300w, https:\/\/preconstruct.prepanama.com\/wp-content\/uploads\/2025\/01\/ICONOS-RRHH_Mesa-de-trabajo-1-1024x1024.jpg 1024w, https:\/\/preconstruct.prepanama.com\/wp-content\/uploads\/2025\/01\/ICONOS-RRHH_Mesa-de-trabajo-1-150x150.jpg 150w, https:\/\/preconstruct.prepanama.com\/wp-content\/uploads\/2025\/01\/ICONOS-RRHH_Mesa-de-trabajo-1-768x767.jpg 768w, https:\/\/preconstruct.prepanama.com\/wp-content\/uploads\/2025\/01\/ICONOS-RRHH_Mesa-de-trabajo-1-12x12.jpg 12w, https:\/\/preconstruct.prepanama.com\/wp-content\/uploads\/2025\/01\/ICONOS-RRHH_Mesa-de-trabajo-1-500x500.jpg 500w\" sizes=\"(max-width: 1416px) 100vw, 1416px\" \/><\/figure><div class=\"elementor-image-box-content\"><h5 class=\"elementor-image-box-title\">Trabajo colaborativo y en equipo<\/h5><\/div><\/div>\t\t\t\t<\/div>\n\t\t\t\t<\/div>\n\t\t\t\t<div class=\"elementor-element elementor-element-3c97a0b elementor-position-top exad-sticky-section-no exad-glass-effect-no elementor-widget elementor-widget-image-box\" data-id=\"3c97a0b\" data-element_type=\"widget\" data-widget_type=\"image-box.default\">\n\t\t\t\t<div class=\"elementor-widget-container\">\n\t\t\t\t\t<div class=\"elementor-image-box-wrapper\"><figure class=\"elementor-image-box-img\"><img decoding=\"async\" width=\"1415\" height=\"1415\" src=\"https:\/\/preconstruct.prepanama.com\/wp-content\/uploads\/2025\/01\/ICONOS-RRHH_Mesa-de-trabajo-1-copia.jpg\" class=\"attachment-full size-full wp-image-3025\" alt=\"RESPETO\" srcset=\"https:\/\/preconstruct.prepanama.com\/wp-content\/uploads\/2025\/01\/ICONOS-RRHH_Mesa-de-trabajo-1-copia.jpg 1415w, https:\/\/preconstruct.prepanama.com\/wp-content\/uploads\/2025\/01\/ICONOS-RRHH_Mesa-de-trabajo-1-copia-300x300.jpg 300w, https:\/\/preconstruct.prepanama.com\/wp-content\/uploads\/2025\/01\/ICONOS-RRHH_Mesa-de-trabajo-1-copia-1024x1024.jpg 1024w, https:\/\/preconstruct.prepanama.com\/wp-content\/uploads\/2025\/01\/ICONOS-RRHH_Mesa-de-trabajo-1-copia-150x150.jpg 150w, https:\/\/preconstruct.prepanama.com\/wp-content\/uploads\/2025\/01\/ICONOS-RRHH_Mesa-de-trabajo-1-copia-768x768.jpg 768w, https:\/\/preconstruct.prepanama.com\/wp-content\/uploads\/2025\/01\/ICONOS-RRHH_Mesa-de-trabajo-1-copia-12x12.jpg 12w, https:\/\/preconstruct.prepanama.com\/wp-content\/uploads\/2025\/01\/ICONOS-RRHH_Mesa-de-trabajo-1-copia-500x500.jpg 500w\" sizes=\"(max-width: 1415px) 100vw, 1415px\" \/><\/figure><div class=\"elementor-image-box-content\"><h5 class=\"elementor-image-box-title\">Respeto, tolerancia e igualdad<\/h5><\/div><\/div>\t\t\t\t<\/div>\n\t\t\t\t<\/div>\n\t\t\t\t<div class=\"elementor-element elementor-element-896cb70 elementor-position-top exad-sticky-section-no exad-glass-effect-no elementor-widget elementor-widget-image-box\" data-id=\"896cb70\" data-element_type=\"widget\" data-widget_type=\"image-box.default\">\n\t\t\t\t<div class=\"elementor-widget-container\">\n\t\t\t\t\t<div class=\"elementor-image-box-wrapper\"><figure class=\"elementor-image-box-img\"><img decoding=\"async\" width=\"1416\" height=\"1415\" src=\"https:\/\/preconstruct.prepanama.com\/wp-content\/uploads\/2025\/01\/ICONOS-RRHH_Mesa-de-trabajo-1-copia-2.jpg\" class=\"attachment-full size-full wp-image-3026\" alt=\"INNOVACION\" srcset=\"https:\/\/preconstruct.prepanama.com\/wp-content\/uploads\/2025\/01\/ICONOS-RRHH_Mesa-de-trabajo-1-copia-2.jpg 1416w, https:\/\/preconstruct.prepanama.com\/wp-content\/uploads\/2025\/01\/ICONOS-RRHH_Mesa-de-trabajo-1-copia-2-300x300.jpg 300w, https:\/\/preconstruct.prepanama.com\/wp-content\/uploads\/2025\/01\/ICONOS-RRHH_Mesa-de-trabajo-1-copia-2-1024x1024.jpg 1024w, https:\/\/preconstruct.prepanama.com\/wp-content\/uploads\/2025\/01\/ICONOS-RRHH_Mesa-de-trabajo-1-copia-2-150x150.jpg 150w, https:\/\/preconstruct.prepanama.com\/wp-content\/uploads\/2025\/01\/ICONOS-RRHH_Mesa-de-trabajo-1-copia-2-768x767.jpg 768w, https:\/\/preconstruct.prepanama.com\/wp-content\/uploads\/2025\/01\/ICONOS-RRHH_Mesa-de-trabajo-1-copia-2-12x12.jpg 12w, https:\/\/preconstruct.prepanama.com\/wp-content\/uploads\/2025\/01\/ICONOS-RRHH_Mesa-de-trabajo-1-copia-2-500x500.jpg 500w\" sizes=\"(max-width: 1416px) 100vw, 1416px\" \/><\/figure><div class=\"elementor-image-box-content\"><h5 class=\"elementor-image-box-title\">Innovaci\u00f3n constante y orientaci\u00f3n hacia el futuro<\/h5><\/div><\/div>\t\t\t\t<\/div>\n\t\t\t\t<\/div>\n\t\t\t\t<\/div>\n\t\t\t\t\t<\/div>\n\t\t\t\t<\/div>\n\t\t<div class=\"elementor-element elementor-element-713f97e e-flex e-con-boxed e-con e-parent\" data-id=\"713f97e\" data-element_type=\"container\">\n\t\t\t\t\t<div class=\"e-con-inner\">\n\t\t\t\t<div class=\"elementor-element elementor-element-4f83ce3 exad-sticky-section-no exad-glass-effect-no elementor-widget elementor-widget-text-editor\" data-id=\"4f83ce3\" data-element_type=\"widget\" data-widget_type=\"text-editor.default\">\n\t\t\t\t<div class=\"elementor-widget-container\">\n\t\t\t\t\t\t\t\t\t<p>Si compartes estos valores, crees en la importancia de la calidad y los resultados, y te motiva contribuir al desarrollo de proyectos que transformen espacios y construyan futuro, queremos conocerte.<\/p>\t\t\t\t\t\t\t\t<\/div>\n\t\t\t\t<\/div>\n\t\t\t\t\t<\/div>\n\t\t\t\t<\/div>\n\t\t<div class=\"elementor-element elementor-element-92d2500 e-flex e-con-boxed e-con e-parent\" data-id=\"92d2500\" data-element_type=\"container\">\n\t\t\t\t\t<div class=\"e-con-inner\">\n\t\t\t\t<div class=\"elementor-element elementor-element-4c1fd18 exad-sticky-section-no exad-glass-effect-no elementor-widget elementor-widget-heading\" data-id=\"4c1fd18\" data-element_type=\"widget\" data-widget_type=\"heading.default\">\n\t\t\t\t<div class=\"elementor-widget-container\">\n\t\t\t\t\t<h5 class=\"elementor-heading-title elementor-size-default\">Ponte en contacto con nuestro equipo de selecci\u00f3n a trav\u00e9s del siguiente email:<\/h5>\t\t\t\t<\/div>\n\t\t\t\t<\/div>\n\t\t\t\t\t<\/div>\n\t\t\t\t<\/div>\n\t\t<div class=\"elementor-element elementor-element-85f393b e-flex e-con-boxed e-con e-parent\" data-id=\"85f393b\" data-element_type=\"container\">\n\t\t\t\t\t<div class=\"e-con-inner\">\n\t\t\t\t<div class=\"elementor-element elementor-element-0207c0b elementor-align-center exad-sticky-section-no exad-glass-effect-no elementor-widget elementor-widget-button\" data-id=\"0207c0b\" data-element_type=\"widget\" data-widget_type=\"button.default\">\n\t\t\t\t<div class=\"elementor-widget-container\">\n\t\t\t\t\t\t\t\t\t<div class=\"elementor-button-wrapper\">\n\t\t\t\t\t<a class=\"elementor-button elementor-button-link elementor-size-sm\" href=\"mailto:rrhh@prepanama.com\">\n\t\t\t\t\t\t<span class=\"elementor-button-content-wrapper\">\n\t\t\t\t\t\t\t\t\t<span class=\"elementor-button-text\">rrhh@prepanama.com<\/span>\n\t\t\t\t\t<\/span>\n\t\t\t\t\t<\/a>\n\t\t\t\t<\/div>\n\t\t\t\t\t\t\t\t<\/div>\n\t\t\t\t<\/div>\n\t\t\t\t<div class=\"elementor-element elementor-element-b20a52b exad-sticky-section-no exad-glass-effect-no elementor-widget elementor-widget-spacer\" data-id=\"b20a52b\" data-element_type=\"widget\" data-widget_type=\"spacer.default\">\n\t\t\t\t<div class=\"elementor-widget-container\">\n\t\t\t\t\t\t\t<div class=\"elementor-spacer\">\n\t\t\t<div class=\"elementor-spacer-inner\"><\/div>\n\t\t<\/div>\n\t\t\t\t\t\t<\/div>\n\t\t\t\t<\/div>\n\t\t\t\t\t<\/div>\n\t\t\t\t<\/div>\n\t\t<div class=\"elementor-element elementor-element-ecf899d e-flex e-con-boxed e-con e-parent\" data-id=\"ecf899d\" data-element_type=\"container\">\n\t\t\t\t\t<div class=\"e-con-inner\">\n\t\t<div class=\"elementor-element elementor-element-24912f8 e-grid e-con-full e-con e-child\" data-id=\"24912f8\" data-element_type=\"container\">\n\t\t\t\t<div class=\"elementor-element elementor-element-f8cd321 exad-sticky-section-no exad-glass-effect-no elementor-widget elementor-widget-exad-exclusive-accordion\" data-id=\"f8cd321\" data-element_type=\"widget\" data-widget_type=\"exad-exclusive-accordion.default\">\n\t\t\t\t<div class=\"elementor-widget-container\">\n\t\t\t\t\t    \r\n        <div class=\"exad-accordion-items\">\r\n        \t\r\n                <div class=\"exad-accordion-single-item elementor-repeater-item-a44da35\">\r\n                    <div class=\"exad-accordion-title active-default\">\r\n\r\n\t\t\t\t\t\t\r\n                        <h3 class=\"exad-accordion-heading\">\r\n\t\t\t\t\t\t\r\n\t\t\t\t\t\t\tVacante - Ingeniero(a) o Arquitecto(a)    +\t\t\t\t\t\t\t\r\n\t\t\t\t\t\t<\/h3>\r\n\r\n                                                    <div class=\"exad-active-inactive-icon\">\r\n                                                                    <span class=\"exad-active-icon\">\r\n                                                                            <\/span>                            \r\n                                                                                                    <span class=\"exad-inactive-icon\">\r\n                                                                            <\/span>\r\n                                                            <\/div>\r\n                                            <\/div>\r\n\r\n                    <div class=\"exad-accordion-content\">\r\n                        <div class=\"exad-accordion-content-wrapper has-image-no image-position-right\">\r\n                            <div class=\"exad-accordion-text\">\r\n                                <div> <p>* 3 a 5 a\u00f1os de experiencia como residente de proyectos.<\/p><p>* Manejo de MS Project.<\/p><p>* Manejo de AutoCAD.<\/p><p>* Preferible el manejo de Procore.<\/p><\/div>\r\n                                                            <\/div>\r\n\r\n                            \r\n                        <\/div>\r\n                    <\/div>\r\n                <\/div>\r\n                                                <\/div>\r\n\t\t\t\t\t<\/div>\n\t\t\t\t<\/div>\n\t\t\t\t<div class=\"elementor-element elementor-element-cd42827 exad-sticky-section-no exad-glass-effect-no elementor-widget elementor-widget-shortcode\" data-id=\"cd42827\" data-element_type=\"widget\" data-widget_type=\"shortcode.default\">\n\t\t\t\t<div class=\"elementor-widget-container\">\n\t\t\t\t\t\t\t<div class=\"elementor-shortcode\"><div class=\"frm_forms  with_frm_style frm_style_formidable-style\" id=\"frm_form_2_container\" data-token=\"fab026547d278417c34cef460c5bd84f\">\n<form enctype=\"multipart\/form-data\" method=\"post\" class=\"frm-show-form\" id=\"form_form-rrhh\" data-token=\"fab026547d278417c34cef460c5bd84f\" action=\"\">\n<div class=\"frm_form_fields\">\n<fieldset>\n<legend class=\"frm_screen_reader\">FORM RRHH<\/legend>\r\n\r\n<div class=\"frm_fields_container\">\n<input type=\"hidden\" name=\"frm_action\" value=\"create\" \/>\n<input type=\"hidden\" name=\"form_id\" value=\"2\" \/>\n<input type=\"hidden\" name=\"frm_hide_fields_2\" id=\"frm_hide_fields_2\" value=\"\" \/>\n<input type=\"hidden\" name=\"form_key\" value=\"form-rrhh\" \/>\n<input type=\"hidden\" name=\"item_meta[0]\" value=\"\" \/>\n<input type=\"hidden\" id=\"frm_submit_entry_2\" name=\"frm_submit_entry_2\" value=\"7507441ecd\" \/><input type=\"hidden\" name=\"_wp_http_referer\" value=\"\/en\/wp-json\/wp\/v2\/pages\/2989\" \/><div id=\"frm_field_16_container\" class=\"frm_form_field form-field  frm_required_field frm_top_container frm12 frm_first\">\r\n\t<label for=\"field_30q8r\" id=\"field_30q8r_label\" class=\"frm_primary_label\">Full name\r\n\t\t<span class=\"frm_required\" aria-hidden=\"true\">*<\/span>\r\n\t<\/label>\r\n\t<input type=\"text\" id=\"field_30q8r\" name=\"item_meta[16]\" value=\"\"  data-reqmsg=\"Nombre completo cannot be blank.\" aria-required=\"true\" data-invmsg=\"Nombre completo is invalid\" aria-invalid=\"false\"  \/>\r\n\t\r\n\t\r\n<\/div>\n<div id=\"frm_field_12_container\" class=\"frm_form_field form-field  frm_required_field frm_top_container frm6 frm_first\">\r\n\t<label for=\"field_3yf7y\" id=\"field_3yf7y_label\" class=\"frm_primary_label\">Celular\r\n\t\t<span class=\"frm_required\" aria-hidden=\"true\">*<\/span>\r\n\t<\/label>\r\n\t<input type=\"tel\" id=\"field_3yf7y\" name=\"item_meta[12]\" value=\"\"  placeholder=\"+507 0000-0000\" data-reqmsg=\"Celular cannot be blank.\" aria-required=\"true\" data-invmsg=\"Celular is invalid\" aria-invalid=\"false\" pattern=\"((\\+\\d{1,3}(-|.| )?\\(?\\d\\)?(-| |.)?\\d{1,5})|(\\(?\\d{2,6}\\)?))(-|.| )?(\\d{3,4})(-|.| )?(\\d{4})(( x| ext)\\d{1,5}){0,1}$\"  \/>\r\n\t\r\n\t\r\n<\/div>\n<div id=\"frm_field_11_container\" class=\"frm_form_field form-field  frm_required_field frm_top_container frm6\">\r\n\t<label for=\"field_5sruk\" id=\"field_5sruk_label\" class=\"frm_primary_label\">Email\r\n\t\t<span class=\"frm_required\" aria-hidden=\"true\">*<\/span>\r\n\t<\/label>\r\n\t<input type=\"email\" id=\"field_5sruk\" name=\"item_meta[11]\" value=\"\"  data-reqmsg=\"Email cannot be blank.\" aria-required=\"true\" data-invmsg=\"Email is invalid\" aria-invalid=\"false\"  \/>\r\n\t\r\n\t\r\n<\/div>\n<div id=\"frm_field_19_container\" class=\"frm_form_field form-field  frm_top_container frm6 frm_first vertical_radio\">\n\t<div  id=\"field_3abqp_label\" class=\"frm_primary_label\">Softwares\n\t\t<span class=\"frm_required\" aria-hidden=\"true\"><\/span>\n\t<\/div>\n\t<div class=\"frm_opt_container\" aria-labelledby=\"field_3abqp_label\" role=\"group\">\t\t<div class=\"frm_checkbox\" id=\"frm_checkbox_19-0\">\t\t\t<label  for=\"field_3abqp-0\">\n\t\t\t<input type=\"checkbox\" name=\"item_meta[19][]\" id=\"field_3abqp-0\" value=\"AutoCad\"  data-invmsg=\"Softwares is invalid\" aria-invalid=\"false\"   \/> AutoCad<\/label><\/div>\n\t\t<div class=\"frm_checkbox\" id=\"frm_checkbox_19-1\">\t\t\t<label  for=\"field_3abqp-1\">\n\t\t\t<input type=\"checkbox\" name=\"item_meta[19][]\" id=\"field_3abqp-1\" value=\"MS Project\"  data-invmsg=\"Softwares is invalid\" aria-invalid=\"false\"   \/> MS Project<\/label><\/div>\n\t\t<div class=\"frm_checkbox\" id=\"frm_checkbox_19-2\">\t\t\t<label  for=\"field_3abqp-2\">\n\t\t\t<input type=\"checkbox\" name=\"item_meta[19][]\" id=\"field_3abqp-2\" value=\"Procore\"  data-invmsg=\"Softwares is invalid\" aria-invalid=\"false\"   \/> Procore<\/label><\/div>\n\t\t<div class=\"frm_checkbox\" id=\"frm_checkbox_19-3\">\t\t\t<label  for=\"field_3abqp-3\">\n\t\t\t<input type=\"checkbox\" name=\"item_meta[19][]\" id=\"field_3abqp-3\" value=\"MS Office\"  data-invmsg=\"Softwares is invalid\" aria-invalid=\"false\"   \/> MS Office<\/label><\/div>\n<\/div>\n\t\n\t\n<\/div>\n<div id=\"frm_field_20_container\" class=\"frm_form_field form-field  frm_top_container frm6\">\n\t<label for=\"field_55wvq\" id=\"field_55wvq_label\" class=\"frm_primary_label\">Otros softwares (especificar)\n\t\t<span class=\"frm_required\" aria-hidden=\"true\"><\/span>\n\t<\/label>\n\t<input type=\"text\" id=\"field_55wvq\" name=\"item_meta[20]\" value=\"\"  data-invmsg=\"Otros softwares (especificar) is invalid\" aria-invalid=\"false\"  \/>\n\t\n\t\n<\/div>\n<div id=\"frm_field_13_container\" class=\"frm_form_field form-field  frm_top_container\">\r\n\t<label for=\"field_mn137\" id=\"field_mn137_label\" class=\"frm_primary_label\">URL del CV o Linkedin\r\n\t\t<span class=\"frm_required\" aria-hidden=\"true\"><\/span>\r\n\t<\/label>\r\n\t<input type=\"url\" id=\"field_mn137\" name=\"item_meta[13]\" value=\"\"  data-invmsg=\"URL del CV o Linkedin is invalid\" aria-invalid=\"false\"  \/>\r\n\t\r\n\t\r\n<\/div>\n<div id=\"frm_field_14_container\" class=\"frm_form_field form-field  frm_top_container\">\r\n\t<label for=\"field_3nzbu\" id=\"field_3nzbu_label\" class=\"frm_primary_label\">Message\r\n\t\t<span class=\"frm_required\" aria-hidden=\"true\"><\/span>\r\n\t<\/label>\r\n\t<textarea name=\"item_meta[14]\" id=\"field_3nzbu\"  data-invmsg=\"Mensaje is invalid\" aria-invalid=\"false\"  ><\/textarea>\r\n\t\r\n\t\r\n<\/div>\n<div id=\"frm_field_17_container\" class=\"frm_form_field form-field  frm_required_field frm_top_container vertical_radio\">\r\n\t<div  id=\"field_bimea_label\" class=\"frm_primary_label\">\r\n\t\t<span class=\"frm_required\" aria-hidden=\"true\">*<\/span>\r\n\t<\/div>\r\n\t<div class=\"frm_opt_container\" aria-labelledby=\"field_bimea_label\" role=\"group\">\t\t<div class=\"frm_checkbox\" id=\"frm_checkbox_17-0\">\t\t\t<label  for=\"field_bimea-0\">\n\t\t\t<input type=\"checkbox\" name=\"item_meta[17][]\" id=\"field_bimea-0\" value=\"Acepto la pol\u00edtica de protecci\u00f3n de datos.\"  data-reqmsg=\"This field cannot be blank.\" data-invmsg=\"This field is invalid\" aria-invalid=\"false\"   aria-required=\"true\"  \/> Acepto la pol\u00edtica de protecci\u00f3n de datos.<\/label><\/div>\n<\/div>\r\n\t\r\n\t\r\n<\/div>\n<div id=\"frm_field_8_container\" class=\"frm_form_field form-field  frm12\">\r\n\t<div class=\"frm_submit frm_flex\">\r\n<button class=\"frm_button_submit\" type=\"submit\"  >Send<\/button>\r\n\r\n\r\n\r\n<\/div>\r\n<\/div>\n\t<input type=\"hidden\" name=\"item_key\" value=\"\" \/>\n\t\t\t\t<div class=\"frm__65715f49d6910\">\n\t\t\t\t<label for=\"frm_email_2\" >\n\t\t\t\t\tIf you are human, leave this field blank.\t\t\t\t<\/label>\n\t\t\t\t<input  id=\"frm_email_2\" type=\"text\" class=\"frm_verify\" name=\"frm__65715f49d6910\" value=\"\" autocomplete=\"off\"  \/>\n\t\t\t<\/div>\n\t\t<\/div>\n<\/fieldset>\n<\/div>\n\n<input type=\"hidden\" name=\"trp-form-language\" value=\"en\"\/><\/form>\n<\/div>\n<\/div>\n\t\t\t\t\t\t<\/div>\n\t\t\t\t<\/div>\n\t\t\t\t<\/div>\n\t\t\t\t\t<\/div>\n\t\t\t\t<\/div>\n\t\t<div class=\"elementor-element elementor-element-ef587ea e-flex e-con-boxed e-con e-parent\" data-id=\"ef587ea\" data-element_type=\"container\">\n\t\t\t\t\t<div class=\"e-con-inner\">\n\t\t\t\t\t<\/div>\n\t\t\t\t<\/div>\n\t\t\t\t<\/div>","protected":false},"excerpt":{"rendered":"<p>Trabaja con Nosotros \u00danete a nuestro equipo de trabajo En PRE Construct, buscamos personas din\u00e1micas, comprometidas y con iniciativa que deseen formar parte de un equipo apasionado por la calidad, la innovaci\u00f3n y la excelencia en el desarrollo de proyectos.\u00a0 \u00bfQu\u00e9 nos define? Trabajo colaborativo y en equipo Respeto, tolerancia e igualdad Innovaci\u00f3n constante y [&hellip;]<\/p>","protected":false},"author":1,"featured_media":2994,"parent":0,"menu_order":0,"comment_status":"closed","ping_status":"closed","template":"elementor_header_footer","meta":{"_acf_changed":false,"footnotes":""},"class_list":["post-2989","page","type-page","status-publish","has-post-thumbnail","hentry"],"acf":[],"_links":{"self":[{"href":"https:\/\/preconstruct.prepanama.com\/en\/wp-json\/wp\/v2\/pages\/2989","targetHints":{"allow":["GET"]}}],"collection":[{"href":"https:\/\/preconstruct.prepanama.com\/en\/wp-json\/wp\/v2\/pages"}],"about":[{"href":"https:\/\/preconstruct.prepanama.com\/en\/wp-json\/wp\/v2\/types\/page"}],"author":[{"embeddable":true,"href":"https:\/\/preconstruct.prepanama.com\/en\/wp-json\/wp\/v2\/users\/1"}],"replies":[{"embeddable":true,"href":"https:\/\/preconstruct.prepanama.com\/en\/wp-json\/wp\/v2\/comments?post=2989"}],"version-history":[{"count":54,"href":"https:\/\/preconstruct.prepanama.com\/en\/wp-json\/wp\/v2\/pages\/2989\/revisions"}],"predecessor-version":[{"id":3082,"href":"https:\/\/preconstruct.prepanama.com\/en\/wp-json\/wp\/v2\/pages\/2989\/revisions\/3082"}],"wp:featuredmedia":[{"embeddable":true,"href":"https:\/\/preconstruct.prepanama.com\/en\/wp-json\/wp\/v2\/media\/2994"}],"wp:attachment":[{"href":"https:\/\/preconstruct.prepanama.com\/en\/wp-json\/wp\/v2\/media?parent=2989"}],"curies":[{"name":"wp","href":"https:\/\/api.w.org\/{rel}","templated":true}]}}