{"id":1811,"date":"2024-02-29T18:28:08","date_gmt":"2024-02-29T18:28:08","guid":{"rendered":"https:\/\/preconstruct.untrust.codes\/?page_id=1811"},"modified":"2024-02-29T18:36:38","modified_gmt":"2024-02-29T18:36:38","slug":"politica-de-privacidad","status":"publish","type":"page","link":"https:\/\/preconstruct.prepanama.com\/en\/politica-de-privacidad\/","title":{"rendered":"Privacy Policy"},"content":{"rendered":"<div data-elementor-type=\"wp-page\" data-elementor-id=\"1811\" class=\"elementor elementor-1811\">\n\t\t\t\t<div class=\"elementor-element elementor-element-57bcc81 e-flex e-con-boxed e-con e-parent\" data-id=\"57bcc81\" data-element_type=\"container\" data-settings=\"{&quot;background_background&quot;:&quot;classic&quot;}\">\n\t\t\t\t\t<div class=\"e-con-inner\">\n\t\t\t\t\t<\/div>\n\t\t\t\t<\/div>\n\t\t<div class=\"elementor-element elementor-element-4afc9fa e-flex e-con-boxed e-con e-parent\" data-id=\"4afc9fa\" data-element_type=\"container\">\n\t\t\t\t\t<div class=\"e-con-inner\">\n\t\t\t\t<div class=\"elementor-element elementor-element-354eeda exad-sticky-section-no exad-glass-effect-no elementor-widget elementor-widget-spacer\" data-id=\"354eeda\" data-element_type=\"widget\" data-widget_type=\"spacer.default\">\n\t\t\t\t<div class=\"elementor-widget-container\">\n\t\t\t\t\t\t\t<div class=\"elementor-spacer\">\n\t\t\t<div class=\"elementor-spacer-inner\"><\/div>\n\t\t<\/div>\n\t\t\t\t\t\t<\/div>\n\t\t\t\t<\/div>\n\t\t\t\t<div class=\"elementor-element elementor-element-9576c0f exad-sticky-section-no exad-glass-effect-no elementor-widget elementor-widget-heading\" data-id=\"9576c0f\" data-element_type=\"widget\" data-widget_type=\"heading.default\">\n\t\t\t\t<div class=\"elementor-widget-container\">\n\t\t\t\t\t<h2 class=\"elementor-heading-title elementor-size-default\">Pol\u00edtica de privacidad<\/h2>\t\t\t\t<\/div>\n\t\t\t\t<\/div>\n\t\t\t\t<div class=\"elementor-element elementor-element-ed5686d exad-sticky-section-no exad-glass-effect-no elementor-widget elementor-widget-text-editor\" data-id=\"ed5686d\" data-element_type=\"widget\" data-widget_type=\"text-editor.default\">\n\t\t\t\t<div class=\"elementor-widget-container\">\n\t\t\t\t\t\t\t\t\t<p><span style=\"font-weight: 400;\">Esta Pol\u00edtica de Privacidad rige la manera en la que PRE Construct recopila, utiliza, mantiene y divulga informaci\u00f3n recopilada de los usuarios.\u00a0<\/span><\/p><p><span style=\"font-weight: 400;\">Uso de la informaci\u00f3n personal. La informaci\u00f3n personal que recopilamos se utiliza exclusivamente para el contacto con nuestros clientes que aceptan darnos esta informaci\u00f3n.\u00a0<\/span><\/p><p><span style=\"font-weight: 400;\">Tambi\u00e9n utilizamos esta informaci\u00f3n para fines estad\u00edsticos internos y para mejorar nuestros servicios.<\/span><\/p><p><span style=\"font-weight: 400;\">No compartimos su informaci\u00f3n personal con terceros sin su consentimiento expl\u00edcito, excepto cuando sea necesario para cumplir con la ley o proteger nuestros derechos.<\/span><\/p><p><span style=\"font-weight: 400;\">Comunicaciones por correo electr\u00f3nico. Solo enviamos correos electr\u00f3nicos a aquellos usuarios que han aceptado recibir comunicaciones por correo electr\u00f3nico de nuestra empresa. Nuestros correos electr\u00f3nicos incluyen informaci\u00f3n sobre nuestros proyectos y servicios, as\u00ed como otras noticias y actualizaciones que consideramos relevantes para nuestros usuarios.<\/span><\/p>\t\t\t\t\t\t\t\t<\/div>\n\t\t\t\t<\/div>\n\t\t\t\t<div class=\"elementor-element elementor-element-74545d3 exad-sticky-section-no exad-glass-effect-no elementor-widget elementor-widget-heading\" data-id=\"74545d3\" data-element_type=\"widget\" data-widget_type=\"heading.default\">\n\t\t\t\t<div class=\"elementor-widget-container\">\n\t\t\t\t\t<h3 class=\"elementor-heading-title elementor-size-default\">Informaci\u00f3n de identificaci\u00f3n personal<\/h3>\t\t\t\t<\/div>\n\t\t\t\t<\/div>\n\t\t\t\t<div class=\"elementor-element elementor-element-4dd6a4a exad-sticky-section-no exad-glass-effect-no elementor-widget elementor-widget-text-editor\" data-id=\"4dd6a4a\" data-element_type=\"widget\" data-widget_type=\"text-editor.default\">\n\t\t\t\t<div class=\"elementor-widget-container\">\n\t\t\t\t\t\t\t\t\t<p>Podemos recopilar informaci\u00f3n de identificaci\u00f3n personal de los visitantes, incluidas, entre otras, cuando los visitantes se inscriben a PRE Construct, se suscriben a un bolet\u00edn informativo y en relaci\u00f3n con otras actividades, servicios, funciones, o recursos que ponemos a disposici\u00f3n en PRE Construct. Los visitantes pueden visitar PRE Construct de forma an\u00f3nima. Recopilaremos informaci\u00f3n de identificaci\u00f3n personal de los visitantes solo si nos env\u00edan voluntariamente dicha informaci\u00f3n. Los visitantes pueden negarse a proporcionar informaci\u00f3n de identificaci\u00f3n personal, pero hacerlo puede impedirles participar en ciertas actividades relacionadas con PRE Construct.<\/p><p><b>C\u00f3mo utilizamos la informaci\u00f3n recopilada.<\/b><\/p>\n<p>PRE Construct puede recopilar y utilizar la informaci\u00f3n de identificaci\u00f3n personal de los visitantes para los siguientes prop\u00f3sitos:<\/p>\n<p>Mejorar el servicio al cliente.<br>La informaci\u00f3n que usted proporciona nos ayuda a responder a sus solicitudes de servicio al cliente y necesidades de soporte de manera m\u00e1s eficiente.<br>Para personalizar la experiencia del usuario.<br>Podemos utilizar informaci\u00f3n en conjunto para comprender c\u00f3mo nuestros visitantes como grupo utilizan los servicios y recursos proporcionados en PRE Construct.<br>Para enviar correos electr\u00f3nicos peri\u00f3dicos.<br>Podemos utilizar las direcciones de correo electr\u00f3nico de PRE Construct para enviarles informaci\u00f3n y actualizaciones relacionadas con su pedido. Las direcciones de correo electr\u00f3nico de los visitantes tambi\u00e9n se pueden utilizar para responder a consultas, preguntas u otras solicitudes de los visitantes.<br>Compartir su informaci\u00f3n personal<\/p>\n<p>No vendemos, intercambiamos ni alquilamos informaci\u00f3n de identificaci\u00f3n personal de los estudiantes a otros.<\/p>\n<p><b>Sitios web de terceros<\/b><\/p>\n<p>Los estudiantes pueden encontrar publicidad u otro contenido en PRE Construct que enlace a los sitios web y servicios de nuestros socios, proveedores, anunciantes, patrocinadores, licenciantes y otros terceros. No controlamos el contenido o los enlaces que aparecen en estos sitios web y no somos responsables de las pr\u00e1cticas empleadas por los sitios web vinculados hacia o desde PRE Construct. Adem\u00e1s, estos sitios web o servicios, incluido su contenido y enlaces, pueden cambiar constantemente. Estos sitios web y servicios pueden tener sus propias pol\u00edticas de privacidad y pol\u00edticas de servicio al cliente. La navegaci\u00f3n y la interacci\u00f3n en cualquier otro sitio web, incluidos los sitios web que tienen un enlace a PRE Construct, est\u00e1n sujetas a los t\u00e9rminos y pol\u00edticas propios de ese sitio web.<\/p>\n<p><b>Cambios a esta Pol\u00edtica de Privacidad<\/b><\/p>\n<p>PRE Construct tiene la discreci\u00f3n de actualizar esta Pol\u00edtica de Privacidad en cualquier momento. Alentamos a los visitantes a consultar con frecuencia esta p\u00e1gina para detectar cualquier cambio. Usted reconoce y acepta que es su responsabilidad revisar esta Pol\u00edtica de Privacidad peri\u00f3dicamente y estar al tanto de las modificaciones.<\/p>\n<p><b>Su aceptaci\u00f3n de estos t\u00e9rminos<\/b><\/p>\n<p>Al suscribirse a PRE Construct, usted manifiesta su aceptaci\u00f3n de esta Pol\u00edtica de Privacidad. Su inscripci\u00f3n continua en PRE Construct despu\u00e9s de la publicaci\u00f3n de cambios a esta Pol\u00edtica de Privacidad se considerar\u00e1 su aceptaci\u00f3n de dichos cambios.<\/p>\t\t\t\t\t\t\t\t<\/div>\n\t\t\t\t<\/div>\n\t\t\t\t<div class=\"elementor-element elementor-element-72e92bb exad-sticky-section-no exad-glass-effect-no elementor-widget elementor-widget-spacer\" data-id=\"72e92bb\" data-element_type=\"widget\" data-widget_type=\"spacer.default\">\n\t\t\t\t<div class=\"elementor-widget-container\">\n\t\t\t\t\t\t\t<div class=\"elementor-spacer\">\n\t\t\t<div class=\"elementor-spacer-inner\"><\/div>\n\t\t<\/div>\n\t\t\t\t\t\t<\/div>\n\t\t\t\t<\/div>\n\t\t\t\t\t<\/div>\n\t\t\t\t<\/div>\n\t\t\t\t<\/div>","protected":false},"excerpt":{"rendered":"<p>Pol\u00edtica de privacidad Esta Pol\u00edtica de Privacidad rige la manera en la que PRE Construct recopila, utiliza, mantiene y divulga informaci\u00f3n recopilada de los usuarios.\u00a0 Uso de la informaci\u00f3n personal. La informaci\u00f3n personal que recopilamos se utiliza exclusivamente para el contacto con nuestros clientes que aceptan darnos esta informaci\u00f3n.\u00a0 Tambi\u00e9n utilizamos esta informaci\u00f3n para fines [&hellip;]<\/p>","protected":false},"author":1,"featured_media":0,"parent":0,"menu_order":0,"comment_status":"closed","ping_status":"closed","template":"elementor_header_footer","meta":{"_acf_changed":false,"footnotes":""},"class_list":["post-1811","page","type-page","status-publish","hentry"],"acf":[],"_links":{"self":[{"href":"https:\/\/preconstruct.prepanama.com\/en\/wp-json\/wp\/v2\/pages\/1811","targetHints":{"allow":["GET"]}}],"collection":[{"href":"https:\/\/preconstruct.prepanama.com\/en\/wp-json\/wp\/v2\/pages"}],"about":[{"href":"https:\/\/preconstruct.prepanama.com\/en\/wp-json\/wp\/v2\/types\/page"}],"author":[{"embeddable":true,"href":"https:\/\/preconstruct.prepanama.com\/en\/wp-json\/wp\/v2\/users\/1"}],"replies":[{"embeddable":true,"href":"https:\/\/preconstruct.prepanama.com\/en\/wp-json\/wp\/v2\/comments?post=1811"}],"version-history":[{"count":28,"href":"https:\/\/preconstruct.prepanama.com\/en\/wp-json\/wp\/v2\/pages\/1811\/revisions"}],"predecessor-version":[{"id":1855,"href":"https:\/\/preconstruct.prepanama.com\/en\/wp-json\/wp\/v2\/pages\/1811\/revisions\/1855"}],"wp:attachment":[{"href":"https:\/\/preconstruct.prepanama.com\/en\/wp-json\/wp\/v2\/media?parent=1811"}],"curies":[{"name":"wp","href":"https:\/\/api.w.org\/{rel}","templated":true}]}}