{"id":1552,"date":"2024-02-12T20:36:52","date_gmt":"2024-02-12T20:36:52","guid":{"rendered":"https:\/\/preconstruct.untrust.codes\/?page_id=1552"},"modified":"2024-12-19T14:05:56","modified_gmt":"2024-12-19T19:05:56","slug":"blog","status":"publish","type":"page","link":"https:\/\/preconstruct.prepanama.com\/en\/blog\/","title":{"rendered":"Blog"},"content":{"rendered":"<div data-elementor-type=\"wp-page\" data-elementor-id=\"1552\" class=\"elementor elementor-1552\">\n\t\t\t\t<div class=\"elementor-element elementor-element-bb8dc08 e-flex e-con-boxed e-con e-parent\" data-id=\"bb8dc08\" data-element_type=\"container\" data-settings=\"{&quot;background_background&quot;:&quot;classic&quot;}\">\n\t\t\t\t\t<div class=\"e-con-inner\">\n\t\t<div class=\"elementor-element elementor-element-fa85600 e-flex e-con-boxed e-con e-child\" data-id=\"fa85600\" data-element_type=\"container\">\n\t\t\t\t\t<div class=\"e-con-inner\">\n\t\t\t\t<div class=\"elementor-element elementor-element-3f4091c exad-sticky-section-no exad-glass-effect-no elementor-widget elementor-widget-heading\" data-id=\"3f4091c\" data-element_type=\"widget\" data-widget_type=\"heading.default\">\n\t\t\t\t<div class=\"elementor-widget-container\">\n\t\t\t\t\t<h1 class=\"elementor-heading-title elementor-size-default\">Blog<\/h1>\t\t\t\t<\/div>\n\t\t\t\t<\/div>\n\t\t\t\t\t<\/div>\n\t\t\t\t<\/div>\n\t\t\t\t\t<\/div>\n\t\t\t\t<\/div>\n\t\t<div class=\"elementor-element elementor-element-04ee223 e-flex e-con-boxed e-con e-parent\" data-id=\"04ee223\" data-element_type=\"container\">\n\t\t\t\t\t<div class=\"e-con-inner\">\n\t\t\t\t<div class=\"elementor-element elementor-element-b4f84ad exad-sticky-section-no exad-glass-effect-no elementor-widget elementor-widget-menu-anchor\" data-id=\"b4f84ad\" data-element_type=\"widget\" data-widget_type=\"menu-anchor.default\">\n\t\t\t\t<div class=\"elementor-widget-container\">\n\t\t\t\t\t\t\t<div class=\"elementor-menu-anchor\" id=\"servicios\"><\/div>\n\t\t\t\t\t\t<\/div>\n\t\t\t\t<\/div>\n\t\t\t\t<div class=\"elementor-element elementor-element-c34738e exad-sticky-section-no exad-glass-effect-no elementor-widget elementor-widget-heading\" data-id=\"c34738e\" data-element_type=\"widget\" data-widget_type=\"heading.default\">\n\t\t\t\t<div class=\"elementor-widget-container\">\n\t\t\t\t\t<h2 class=\"elementor-heading-title elementor-size-default\">Posts Recientes<\/h2>\t\t\t\t<\/div>\n\t\t\t\t<\/div>\n\t\t\t\t\t<\/div>\n\t\t\t\t<\/div>\n\t\t<div class=\"elementor-element elementor-element-c2b7ca4 e-flex e-con-boxed e-con e-parent\" data-id=\"c2b7ca4\" data-element_type=\"container\">\n\t\t\t\t\t<div class=\"e-con-inner\">\n\t\t\t\t<div class=\"elementor-element elementor-element-433b938 exad-sticky-section-no exad-glass-effect-no elementor-widget elementor-widget-exad-post-grid\" data-id=\"433b938\" data-element_type=\"widget\" data-widget_type=\"exad-post-grid.default\">\n\t\t\t\t<div class=\"elementor-widget-container\">\n\t\t\t\t\t\t\t\r\n\r\n\t\t<div class=\"exad-post-grid\">\r\n\t\t\t<div class=\"exad-row-wrapper\">\r\n\t\t\t\t\r\n<article class=\"exad-post-grid-three exad-col\">\r\n    <div class=\"exad-post-grid-container image-position-top exad-post-grid-equal-height-yes\">\r\n                    <figure class=\"exad-post-grid-thumbnail\">\r\n                <a href=\"https:\/\/preconstruct.prepanama.com\/en\/eficiencia-energetica-en-proyectos-comerciales-y-residenciales\/\">\r\n                    <img fetchpriority=\"high\" decoding=\"async\" width=\"300\" height=\"174\" src=\"https:\/\/preconstruct.prepanama.com\/wp-content\/uploads\/2025\/03\/pixlr-image-generator-eeec-modif-300x174.jpg\" class=\"attachment-medium size-medium wp-post-image\" alt=\"Energias renovables - preconstruction\" \/>                <\/a>\r\n                \r\n                            <\/figure>\r\n        \t\t\r\n\t\t        <div class=\"exad-post-grid-body\">\r\n                                <ul class=\"exad-post-data show-avatar-no\">\r\n                                                                            <li class=\"exad-author-avatar\">\r\n                                                                <span class=\"exad-post-grid-author\">\r\n                                    Por:                                         <a href=\"https:\/\/preconstruct.prepanama.com\/en\/author\/preconstruct\/\" class=\"exad-post-grid-author-name\">PRE Construct<\/a>\r\n                                    <\/span>\r\n                                                            <\/li>\r\n                           \r\n                    <\/ul>\r\n                \t\t\t\t\r\n\t\t\t\t\t\t\t\r\n                    <h3>\r\n\t\t\t\t\t\r\n\t\t\t\t\t\t\t\t\r\n                        <a href=\"https:\/\/preconstruct.prepanama.com\/en\/eficiencia-energetica-en-proyectos-comerciales-y-residenciales\/\" class=\"exad-post-grid-title\">Eficiencia energ\u00e9tica en proyectos comerciales y residenciales<\/a>\r\n\t\t\t\t\t\t\r\n\t\t\t\t\t\t\r\n                    <\/h3>\r\n\t\t\t\t\t\r\n\t\t\t\t\t\t\t\t\r\n                                <div class=\"exad-post-grid-description\">\r\n                    Eficiencia energ\u00e9tica en proyectos comerciales y residenciales: Estrategias para un futuro sostenible La eficiencia energ\u00e9tica se ha convertido en un factor clave en la construcci\u00f3n...                <\/div>\r\n                            <div class=\"exad-post-footer\"><a href=\"https:\/\/preconstruct.prepanama.com\/en\/eficiencia-energetica-en-proyectos-comerciales-y-residenciales\/\" target=\"_blank\" class=\"read-more\">Seguir leyendo<\/a><\/div>\r\n            \r\n        <\/div>\r\n        \t\t\r\n\t\t\t\t\r\n    <\/div>\r\n<\/article>\r\n\r\n<article class=\"exad-post-grid-three exad-col\">\r\n    <div class=\"exad-post-grid-container image-position-top exad-post-grid-equal-height-yes\">\r\n                    <figure class=\"exad-post-grid-thumbnail\">\r\n                <a href=\"https:\/\/preconstruct.prepanama.com\/en\/la-inteligencia-artificial-en-el-diseno-y-la-arquitectura\/\">\r\n                    <img decoding=\"async\" width=\"300\" height=\"150\" src=\"https:\/\/preconstruct.prepanama.com\/wp-content\/uploads\/2025\/02\/freepik__a-futuristic-architect-holds-an-impressive-hologra__74270-300x150.jpg\" class=\"attachment-medium size-medium wp-post-image\" alt=\"AI en la arquitectura y Dise\u00f1o - BLOG PRE Construct\" \/>                <\/a>\r\n                \r\n                            <\/figure>\r\n        \t\t\r\n\t\t        <div class=\"exad-post-grid-body\">\r\n                                <ul class=\"exad-post-data show-avatar-no\">\r\n                                                                            <li class=\"exad-author-avatar\">\r\n                                                                <span class=\"exad-post-grid-author\">\r\n                                    Por:                                         <a href=\"https:\/\/preconstruct.prepanama.com\/en\/author\/webmaster\/\" class=\"exad-post-grid-author-name\">webmaster<\/a>\r\n                                    <\/span>\r\n                                                            <\/li>\r\n                           \r\n                    <\/ul>\r\n                \t\t\t\t\r\n\t\t\t\t\t\t\t\r\n                    <h3>\r\n\t\t\t\t\t\r\n\t\t\t\t\t\t\t\t\r\n                        <a href=\"https:\/\/preconstruct.prepanama.com\/en\/la-inteligencia-artificial-en-el-diseno-y-la-arquitectura\/\" class=\"exad-post-grid-title\">La Inteligencia Artificial en el Dise\u00f1o y la Arquitectura<\/a>\r\n\t\t\t\t\t\t\r\n\t\t\t\t\t\t\r\n                    <\/h3>\r\n\t\t\t\t\t\r\n\t\t\t\t\t\t\t\t\r\n                                <div class=\"exad-post-grid-description\">\r\n                    La Inteligencia Artificial en el Dise\u00f1o y la Arquitectura: Creando Espacios Inteligentes y Personalizados En un mundo donde la tecnolog\u00eda avanza a pasos agigantados, la...                <\/div>\r\n                            <div class=\"exad-post-footer\"><a href=\"https:\/\/preconstruct.prepanama.com\/en\/la-inteligencia-artificial-en-el-diseno-y-la-arquitectura\/\" target=\"_blank\" class=\"read-more\">Seguir leyendo<\/a><\/div>\r\n            \r\n        <\/div>\r\n        \t\t\r\n\t\t\t\t\r\n    <\/div>\r\n<\/article>\r\n\r\n<article class=\"exad-post-grid-three exad-col\">\r\n    <div class=\"exad-post-grid-container image-position-top exad-post-grid-equal-height-yes\">\r\n                    <figure class=\"exad-post-grid-thumbnail\">\r\n                <a href=\"https:\/\/preconstruct.prepanama.com\/en\/la-clave-para-proyectos-corporativos-exitosos-construccion-con-proposito-y-precision-2\/\">\r\n                    <img decoding=\"async\" width=\"300\" height=\"200\" src=\"https:\/\/preconstruct.prepanama.com\/wp-content\/uploads\/2025\/01\/MG_7565-300x200.jpg\" class=\"attachment-medium size-medium wp-post-image\" alt=\"Blog 2 - PRE Construct 1\" \/>                <\/a>\r\n                \r\n                            <\/figure>\r\n        \t\t\r\n\t\t        <div class=\"exad-post-grid-body\">\r\n                                <ul class=\"exad-post-data show-avatar-no\">\r\n                                                                            <li class=\"exad-author-avatar\">\r\n                                                                <span class=\"exad-post-grid-author\">\r\n                                    Por:                                         <a href=\"https:\/\/preconstruct.prepanama.com\/en\/author\/preconstruct\/\" class=\"exad-post-grid-author-name\">PRE Construct<\/a>\r\n                                    <\/span>\r\n                                                            <\/li>\r\n                           \r\n                    <\/ul>\r\n                \t\t\t\t\r\n\t\t\t\t\t\t\t\r\n                    <h3>\r\n\t\t\t\t\t\r\n\t\t\t\t\t\t\t\t\r\n                        <a href=\"https:\/\/preconstruct.prepanama.com\/en\/la-clave-para-proyectos-corporativos-exitosos-construccion-con-proposito-y-precision-2\/\" class=\"exad-post-grid-title\">Construir con Prop\u00f3sito: C\u00f3mo un Espacio Bien Dise\u00f1ado Puede Cambiar...<\/a>\r\n\t\t\t\t\t\t\r\n\t\t\t\t\t\t\r\n                    <\/h3>\r\n\t\t\t\t\t\r\n\t\t\t\t\t\t\t\t\r\n                                <div class=\"exad-post-grid-description\">\r\n                    Construir con Prop\u00f3sito: C\u00f3mo un Espacio Bien Dise\u00f1ado Puede Cambiar tu Vida En PRE Construct creemos que los espacios no son simplemente lugares donde vivimos...                <\/div>\r\n                            <div class=\"exad-post-footer\"><a href=\"https:\/\/preconstruct.prepanama.com\/en\/la-clave-para-proyectos-corporativos-exitosos-construccion-con-proposito-y-precision-2\/\" target=\"_blank\" class=\"read-more\">Seguir leyendo<\/a><\/div>\r\n            \r\n        <\/div>\r\n        \t\t\r\n\t\t\t\t\r\n    <\/div>\r\n<\/article>\r\n\r\n<article class=\"exad-post-grid-three exad-col\">\r\n    <div class=\"exad-post-grid-container image-position-top exad-post-grid-equal-height-yes\">\r\n                    <figure class=\"exad-post-grid-thumbnail\">\r\n                <a href=\"https:\/\/preconstruct.prepanama.com\/en\/la-clave-para-proyectos-corporativos-exitosos-construccion-con-proposito-y-precision\/\">\r\n                    <img loading=\"lazy\" decoding=\"async\" width=\"300\" height=\"200\" src=\"https:\/\/preconstruct.prepanama.com\/wp-content\/uploads\/2024\/12\/MG_8573--300x200.jpg\" class=\"attachment-medium size-medium wp-post-image\" alt=\"\" \/>                <\/a>\r\n                \r\n                            <\/figure>\r\n        \t\t\r\n\t\t        <div class=\"exad-post-grid-body\">\r\n                                <ul class=\"exad-post-data show-avatar-no\">\r\n                                                                            <li class=\"exad-author-avatar\">\r\n                                                                <span class=\"exad-post-grid-author\">\r\n                                    Por:                                         <a href=\"https:\/\/preconstruct.prepanama.com\/en\/author\/preconstruct\/\" class=\"exad-post-grid-author-name\">PRE Construct<\/a>\r\n                                    <\/span>\r\n                                                            <\/li>\r\n                           \r\n                    <\/ul>\r\n                \t\t\t\t\r\n\t\t\t\t\t\t\t\r\n                    <h3>\r\n\t\t\t\t\t\r\n\t\t\t\t\t\t\t\t\r\n                        <a href=\"https:\/\/preconstruct.prepanama.com\/en\/la-clave-para-proyectos-corporativos-exitosos-construccion-con-proposito-y-precision\/\" class=\"exad-post-grid-title\">La Clave para Proyectos Corporativos Exitosos: Construcci\u00f3n con Prop\u00f3sito y...<\/a>\r\n\t\t\t\t\t\t\r\n\t\t\t\t\t\t\r\n                    <\/h3>\r\n\t\t\t\t\t\r\n\t\t\t\t\t\t\t\t\r\n                                <div class=\"exad-post-grid-description\">\r\n                    La Clave para Proyectos Corporativos Exitosos: Construcci\u00f3n con Prop\u00f3sito y Precisi\u00f3n El entorno laboral y corporativo est\u00e1 en constante evoluci\u00f3n, y los espacios f\u00edsicos juegan...                <\/div>\r\n                            <div class=\"exad-post-footer\"><a href=\"https:\/\/preconstruct.prepanama.com\/en\/la-clave-para-proyectos-corporativos-exitosos-construccion-con-proposito-y-precision\/\" target=\"_blank\" class=\"read-more\">Seguir leyendo<\/a><\/div>\r\n            \r\n        <\/div>\r\n        \t\t\r\n\t\t\t\t\r\n    <\/div>\r\n<\/article>\r\n\r\n<article class=\"exad-post-grid-three exad-col\">\r\n    <div class=\"exad-post-grid-container image-position-top exad-post-grid-equal-height-yes\">\r\n                    <figure class=\"exad-post-grid-thumbnail\">\r\n                <a href=\"https:\/\/preconstruct.prepanama.com\/en\/6-ideas-para-aumentar-el-valor-de-tu-propiedad\/\">\r\n                    <img loading=\"lazy\" decoding=\"async\" width=\"300\" height=\"200\" src=\"https:\/\/preconstruct.prepanama.com\/wp-content\/uploads\/2024\/09\/WhatsApp-Image-2024-06-05-at-9.57.55-PM-2-300x200.jpeg\" class=\"attachment-medium size-medium wp-post-image\" alt=\"\" \/>                <\/a>\r\n                \r\n                            <\/figure>\r\n        \t\t\r\n\t\t        <div class=\"exad-post-grid-body\">\r\n                                <ul class=\"exad-post-data show-avatar-no\">\r\n                                                                            <li class=\"exad-author-avatar\">\r\n                                                                <span class=\"exad-post-grid-author\">\r\n                                    Por:                                         <a href=\"https:\/\/preconstruct.prepanama.com\/en\/author\/maria-garcia\/\" class=\"exad-post-grid-author-name\">Mar\u00eda A. Garc\u00eda<\/a>\r\n                                    <\/span>\r\n                                                            <\/li>\r\n                           \r\n                    <\/ul>\r\n                \t\t\t\t\r\n\t\t\t\t\t\t\t\r\n                    <h3>\r\n\t\t\t\t\t\r\n\t\t\t\t\t\t\t\t\r\n                        <a href=\"https:\/\/preconstruct.prepanama.com\/en\/6-ideas-para-aumentar-el-valor-de-tu-propiedad\/\" class=\"exad-post-grid-title\">6 Ideas para aumentar el valor de tu propiedad<\/a>\r\n\t\t\t\t\t\t\r\n\t\t\t\t\t\t\r\n                    <\/h3>\r\n\t\t\t\t\t\r\n\t\t\t\t\t\t\t\t\r\n                                <div class=\"exad-post-grid-description\">\r\n                    6 IDEAS PARA AUMENTAR EL VALOR DE TU PROPIEDAD Ya sea que busques mejorar tu espacio o planees venderlo, existen varias estrategias que puedes implementar...                <\/div>\r\n                            <div class=\"exad-post-footer\"><a href=\"https:\/\/preconstruct.prepanama.com\/en\/6-ideas-para-aumentar-el-valor-de-tu-propiedad\/\" target=\"_blank\" class=\"read-more\">Seguir leyendo<\/a><\/div>\r\n            \r\n        <\/div>\r\n        \t\t\r\n\t\t\t\t\r\n    <\/div>\r\n<\/article>\r\n\r\n<article class=\"exad-post-grid-three exad-col\">\r\n    <div class=\"exad-post-grid-container image-position-top exad-post-grid-equal-height-yes\">\r\n                    <figure class=\"exad-post-grid-thumbnail\">\r\n                <a href=\"https:\/\/preconstruct.prepanama.com\/en\/avance-de-construccion-del-brand-experience-center-nueva-plaza-comercial-en-casco-antiguo\/\">\r\n                    <img loading=\"lazy\" decoding=\"async\" width=\"300\" height=\"169\" src=\"https:\/\/preconstruct.prepanama.com\/wp-content\/uploads\/2024\/07\/bec-2_prepanama-300x169.jpeg\" class=\"attachment-medium size-medium wp-post-image\" alt=\"bec-4_prepanama\" \/>                <\/a>\r\n                \r\n                            <\/figure>\r\n        \t\t\r\n\t\t        <div class=\"exad-post-grid-body\">\r\n                                <ul class=\"exad-post-data show-avatar-no\">\r\n                                                                            <li class=\"exad-author-avatar\">\r\n                                                                <span class=\"exad-post-grid-author\">\r\n                                    Por:                                         <a href=\"https:\/\/preconstruct.prepanama.com\/en\/author\/maria-garcia\/\" class=\"exad-post-grid-author-name\">Mar\u00eda A. Garc\u00eda<\/a>\r\n                                    <\/span>\r\n                                                            <\/li>\r\n                           \r\n                    <\/ul>\r\n                \t\t\t\t\r\n\t\t\t\t\t\t\t\r\n                    <h3>\r\n\t\t\t\t\t\r\n\t\t\t\t\t\t\t\t\r\n                        <a href=\"https:\/\/preconstruct.prepanama.com\/en\/avance-de-construccion-del-brand-experience-center-nueva-plaza-comercial-en-casco-antiguo\/\" class=\"exad-post-grid-title\">Brand\u00a0Experience\u00a0Center, nueva plaza comercial\u00a0en Casco Antiguo<\/a>\r\n\t\t\t\t\t\t\r\n\t\t\t\t\t\t\r\n                    <\/h3>\r\n\t\t\t\t\t\r\n\t\t\t\t\t\t\t\t\r\n                                <div class=\"exad-post-grid-description\">\r\n                    Brand Experience Center, nueva plaza comercial en Casco Antiguo Ubicado en el coraz\u00f3n de Casco Antiguo&nbsp;de Ciudad de Panam\u00e1, se levanta el Brand&nbsp;Experience&nbsp;Center (BEC),&nbsp;una incre\u00edble...                <\/div>\r\n                            <div class=\"exad-post-footer\"><a href=\"https:\/\/preconstruct.prepanama.com\/en\/avance-de-construccion-del-brand-experience-center-nueva-plaza-comercial-en-casco-antiguo\/\" target=\"_blank\" class=\"read-more\">Seguir leyendo<\/a><\/div>\r\n            \r\n        <\/div>\r\n        \t\t\r\n\t\t\t\t\r\n    <\/div>\r\n<\/article>\r\n    \r\n\t\t\t<\/div>\r\n\t\t\t<div class=\"exad-post-grid-load-btn\">\r\n\t\t\t\t\t\t\t\t\t<a class=\"exad-post-grid-paginate-btn\" data-post-type=\"post\" data-posts_per_page=\"6\" data-post-offset=\"0\" data-post-order=\"desc\" data-post-order_by=\"date\" data-post-tag__in=\"\" data-post-thumbnail=\"yes\" data-post-thumb-size=\"medium\" data-equal_height=\"yes\" data-enable_details_btn=\"yes\" data-details_btn_text=\"Seguir leyendo\" data-details_btn_text_tab=\"yes\" data-show-user-avatar=\"no\" data-show_user_name=\"yes\" data-post_data_position=\"post_data_middle\" data-show_title=\"yes\" data-show_title_parmalink=\"no\" data-title_full=\"\" data-title_tag=\"h3\" data-show_read_time=\"\" data-show_comment=\"\" data-show_excerpt=\"yes\" data-excerpt_length=\"25\" data-show_user_name_tag=\"yes\" data-user_name_tag=\"Por: \" data-show_date=\"\" data-show_date_tag=\"\" data-date_tag=\"\" data-title_length=\"10\" data-image_align=\"top\" data-show_category=\"\" data-category_default_position=\"\" data-category_position_over_image=\"\" data-category=\"\" data-tags=\"\" data-offset=\"0\" data-exclude_post=\"\" href=\"#\" role=\"button\">\r\n\t\t\t\t\t\tCargar m\u00e1s\t\t\t\t\t<\/a>\r\n\t\t\t\t\t\t\t<\/div>\r\n\t\t<\/div>\r\n\r\n\t\t\t\t\t<\/div>\n\t\t\t\t<\/div>\n\t\t\t\t\t<\/div>\n\t\t\t\t<\/div>\n\t\t<div class=\"elementor-element elementor-element-a4f7faf e-flex e-con-boxed e-con e-parent\" data-id=\"a4f7faf\" data-element_type=\"container\">\n\t\t\t\t\t<div class=\"e-con-inner\">\n\t\t\t\t<div class=\"elementor-element elementor-element-e88cb75 exad-sticky-section-no exad-glass-effect-no elementor-widget elementor-widget-spacer\" data-id=\"e88cb75\" data-element_type=\"widget\" data-widget_type=\"spacer.default\">\n\t\t\t\t<div class=\"elementor-widget-container\">\n\t\t\t\t\t\t\t<div class=\"elementor-spacer\">\n\t\t\t<div class=\"elementor-spacer-inner\"><\/div>\n\t\t<\/div>\n\t\t\t\t\t\t<\/div>\n\t\t\t\t<\/div>\n\t\t\t\t\t<\/div>\n\t\t\t\t<\/div>\n\t\t\t\t<\/div>","protected":false},"excerpt":{"rendered":"<p>Blog Posts Recientes Por: PRE Construct La Clave para Proyectos Corporativos Exitosos: Construcci\u00f3n con Prop\u00f3sito y&#8230; La Clave para Proyectos Corporativos Exitosos: Construcci\u00f3n con Prop\u00f3sito y Precisi\u00f3n El entorno laboral y corporativo est\u00e1 en constante evoluci\u00f3n, y los espacios f\u00edsicos juegan&#8230; Seguir leyendo Por: Mar\u00eda A. Garc\u00eda 6 Ideas para aumentar el valor de tu [&hellip;]<\/p>","protected":false},"author":1,"featured_media":0,"parent":0,"menu_order":0,"comment_status":"closed","ping_status":"closed","template":"elementor_header_footer","meta":{"_acf_changed":false,"footnotes":""},"class_list":["post-1552","page","type-page","status-publish","hentry"],"acf":[],"_links":{"self":[{"href":"https:\/\/preconstruct.prepanama.com\/en\/wp-json\/wp\/v2\/pages\/1552","targetHints":{"allow":["GET"]}}],"collection":[{"href":"https:\/\/preconstruct.prepanama.com\/en\/wp-json\/wp\/v2\/pages"}],"about":[{"href":"https:\/\/preconstruct.prepanama.com\/en\/wp-json\/wp\/v2\/types\/page"}],"author":[{"embeddable":true,"href":"https:\/\/preconstruct.prepanama.com\/en\/wp-json\/wp\/v2\/users\/1"}],"replies":[{"embeddable":true,"href":"https:\/\/preconstruct.prepanama.com\/en\/wp-json\/wp\/v2\/comments?post=1552"}],"version-history":[{"count":52,"href":"https:\/\/preconstruct.prepanama.com\/en\/wp-json\/wp\/v2\/pages\/1552\/revisions"}],"predecessor-version":[{"id":2952,"href":"https:\/\/preconstruct.prepanama.com\/en\/wp-json\/wp\/v2\/pages\/1552\/revisions\/2952"}],"wp:attachment":[{"href":"https:\/\/preconstruct.prepanama.com\/en\/wp-json\/wp\/v2\/media?parent=1552"}],"curies":[{"name":"wp","href":"https:\/\/api.w.org\/{rel}","templated":true}]}}